{"id":2429,"date":"2022-02-22T12:28:32","date_gmt":"2022-02-22T11:28:32","guid":{"rendered":"https:\/\/www.rcefoto.com\/shstw\/"},"modified":"2022-02-22T12:28:32","modified_gmt":"2022-02-22T11:28:32","slug":"shstw","status":"publish","type":"page","link":"https:\/\/www.rcefoto.com\/fr\/shstw\/","title":{"rendered":"Second Hand Saves The World"},"content":{"rendered":"","protected":false},"excerpt":{"rendered":"","protected":false},"author":0,"featured_media":0,"parent":0,"menu_order":0,"comment_status":"closed","ping_status":"closed","template":"","meta":{"_acf_changed":false,"footnotes":""},"class_list":["post-2429","page","type-page","status-publish","hentry"],"acf":[],"yoast_head":"<!-- This site is optimized with the Yoast SEO Premium plugin v26.1 (Yoast SEO v26.2) - https:\/\/yoast.com\/wordpress\/plugins\/seo\/ -->\n<title>Second Hand Saves The World - RCE Foto<\/title>\n<meta name=\"description\" content=\"Chez RCE Foto, sommes conscients que, si nous apportons tous notre contribution, nous pouvons r\u00e9duire notre impact sur l\u2019environnement et am\u00e9liorer notre soci\u00e9t\u00e9, avec la conviction profonde que la diversit\u00e9, l\u2019altruisme et la solidarit\u00e9 sont la plus grande force qui existe.\" \/>\n<meta name=\"robots\" content=\"index, follow, max-snippet:-1, max-image-preview:large, max-video-preview:-1\" \/>\n<link rel=\"canonical\" href=\"https:\/\/www.rcefoto.com\/fr\/shstw\/\" \/>\n<meta property=\"og:locale\" content=\"fr_FR\" \/>\n<meta property=\"og:type\" content=\"article\" \/>\n<meta property=\"og:title\" content=\"Second Hand Saves The World\" \/>\n<meta property=\"og:description\" content=\"Chez RCE Foto, sommes conscients que, si nous apportons tous notre contribution, nous pouvons r\u00e9duire notre impact sur l\u2019environnement et am\u00e9liorer notre soci\u00e9t\u00e9, avec la conviction profonde que la diversit\u00e9, l\u2019altruisme et la solidarit\u00e9 sont la plus grande force qui existe.\" \/>\n<meta property=\"og:url\" content=\"https:\/\/www.rcefoto.com\/fr\/shstw\/\" \/>\n<meta property=\"og:site_name\" content=\"RCE Foto\" \/>\n<meta property=\"article:publisher\" content=\"https:\/\/www.facebook.com\/rcefoto\/\" \/>\n<meta property=\"og:image\" content=\"https:\/\/www.rcefoto.com\/wp-content\/uploads\/2025\/10\/rce-foto-4.jpg\" \/>\n\t<meta property=\"og:image:width\" content=\"1203\" \/>\n\t<meta property=\"og:image:height\" content=\"902\" \/>\n\t<meta property=\"og:image:type\" content=\"image\/jpeg\" \/>\n<meta name=\"twitter:card\" content=\"summary_large_image\" \/>\n<script type=\"application\/ld+json\" class=\"yoast-schema-graph\">{\"@context\":\"https:\/\/schema.org\",\"@graph\":[{\"@type\":\"WebPage\",\"@id\":\"https:\/\/www.rcefoto.com\/fr\/shstw\/\",\"url\":\"https:\/\/www.rcefoto.com\/fr\/shstw\/\",\"name\":\"Second Hand Saves The World - RCE Foto\",\"isPartOf\":{\"@id\":\"https:\/\/www.rcefoto.com\/#website\"},\"datePublished\":\"2022-02-22T11:28:32+00:00\",\"description\":\"Chez RCE Foto, sommes conscients que, si nous apportons tous notre contribution, nous pouvons r\u00e9duire notre impact sur l\u2019environnement et am\u00e9liorer notre soci\u00e9t\u00e9, avec la conviction profonde que la diversit\u00e9, l\u2019altruisme et la solidarit\u00e9 sont la plus grande force qui existe.\",\"breadcrumb\":{\"@id\":\"https:\/\/www.rcefoto.com\/fr\/shstw\/#breadcrumb\"},\"inLanguage\":\"fr-FR\",\"potentialAction\":[{\"@type\":\"ReadAction\",\"target\":[\"https:\/\/www.rcefoto.com\/fr\/shstw\/\"]}]},{\"@type\":\"BreadcrumbList\",\"@id\":\"https:\/\/www.rcefoto.com\/fr\/shstw\/#breadcrumb\",\"itemListElement\":[{\"@type\":\"ListItem\",\"position\":1,\"name\":\"--home--\",\"item\":\"https:\/\/www.rcefoto.com\/fr\/\"},{\"@type\":\"ListItem\",\"position\":2,\"name\":\"Second Hand Saves The World\"}]},{\"@type\":\"WebSite\",\"@id\":\"https:\/\/www.rcefoto.com\/#website\",\"url\":\"https:\/\/www.rcefoto.com\/\",\"name\":\"RCE Foto\",\"description\":\"Il pi\u00f9 grande mercato di usato fotografico garantito d&#039;Italia\",\"publisher\":{\"@id\":\"https:\/\/www.rcefoto.com\/#organization\"},\"potentialAction\":[{\"@type\":\"SearchAction\",\"target\":{\"@type\":\"EntryPoint\",\"urlTemplate\":\"https:\/\/www.rcefoto.com\/?s={search_term_string}\"},\"query-input\":{\"@type\":\"PropertyValueSpecification\",\"valueRequired\":true,\"valueName\":\"search_term_string\"}}],\"inLanguage\":\"fr-FR\"},{\"@type\":\"Organization\",\"@id\":\"https:\/\/www.rcefoto.com\/#organization\",\"name\":\"RCE Foto\",\"url\":\"https:\/\/www.rcefoto.com\/\",\"logo\":{\"@type\":\"ImageObject\",\"inLanguage\":\"fr-FR\",\"@id\":\"https:\/\/www.rcefoto.com\/#\/schema\/logo\/image\/\",\"url\":\"https:\/\/www.rcefoto.com\/wp-content\/uploads\/2025\/10\/logo-rce-2x.png\",\"contentUrl\":\"https:\/\/www.rcefoto.com\/wp-content\/uploads\/2025\/10\/logo-rce-2x.png\",\"width\":200,\"height\":200,\"caption\":\"RCE Foto\"},\"image\":{\"@id\":\"https:\/\/www.rcefoto.com\/#\/schema\/logo\/image\/\"},\"sameAs\":[\"https:\/\/www.facebook.com\/rcefoto\/\",\"https:\/\/www.instagram.com\/rce_foto\/\",\"https:\/\/www.youtube.com\/@RceFoto-Official\/featured\"]}]}<\/script>\n<!-- \/ Yoast SEO Premium plugin. -->","yoast_head_json":{"title":"Second Hand Saves The World - RCE Foto","description":"Chez RCE Foto, sommes conscients que, si nous apportons tous notre contribution, nous pouvons r\u00e9duire notre impact sur l\u2019environnement et am\u00e9liorer notre soci\u00e9t\u00e9, avec la conviction profonde que la diversit\u00e9, l\u2019altruisme et la solidarit\u00e9 sont la plus grande force qui existe.","robots":{"index":"index","follow":"follow","max-snippet":"max-snippet:-1","max-image-preview":"max-image-preview:large","max-video-preview":"max-video-preview:-1"},"canonical":"https:\/\/www.rcefoto.com\/fr\/shstw\/","og_locale":"fr_FR","og_type":"article","og_title":"Second Hand Saves The World","og_description":"Chez RCE Foto, sommes conscients que, si nous apportons tous notre contribution, nous pouvons r\u00e9duire notre impact sur l\u2019environnement et am\u00e9liorer notre soci\u00e9t\u00e9, avec la conviction profonde que la diversit\u00e9, l\u2019altruisme et la solidarit\u00e9 sont la plus grande force qui existe.","og_url":"https:\/\/www.rcefoto.com\/fr\/shstw\/","og_site_name":"RCE Foto","article_publisher":"https:\/\/www.facebook.com\/rcefoto\/","og_image":[{"width":1203,"height":902,"url":"https:\/\/www.rcefoto.com\/wp-content\/uploads\/2025\/10\/rce-foto-4.jpg","type":"image\/jpeg"}],"twitter_card":"summary_large_image","schema":{"@context":"https:\/\/schema.org","@graph":[{"@type":"WebPage","@id":"https:\/\/www.rcefoto.com\/fr\/shstw\/","url":"https:\/\/www.rcefoto.com\/fr\/shstw\/","name":"Second Hand Saves The World - RCE Foto","isPartOf":{"@id":"https:\/\/www.rcefoto.com\/#website"},"datePublished":"2022-02-22T11:28:32+00:00","description":"Chez RCE Foto, sommes conscients que, si nous apportons tous notre contribution, nous pouvons r\u00e9duire notre impact sur l\u2019environnement et am\u00e9liorer notre soci\u00e9t\u00e9, avec la conviction profonde que la diversit\u00e9, l\u2019altruisme et la solidarit\u00e9 sont la plus grande force qui existe.","breadcrumb":{"@id":"https:\/\/www.rcefoto.com\/fr\/shstw\/#breadcrumb"},"inLanguage":"fr-FR","potentialAction":[{"@type":"ReadAction","target":["https:\/\/www.rcefoto.com\/fr\/shstw\/"]}]},{"@type":"BreadcrumbList","@id":"https:\/\/www.rcefoto.com\/fr\/shstw\/#breadcrumb","itemListElement":[{"@type":"ListItem","position":1,"name":"--home--","item":"https:\/\/www.rcefoto.com\/fr\/"},{"@type":"ListItem","position":2,"name":"Second Hand Saves The World"}]},{"@type":"WebSite","@id":"https:\/\/www.rcefoto.com\/#website","url":"https:\/\/www.rcefoto.com\/","name":"RCE Foto","description":"Il pi\u00f9 grande mercato di usato fotografico garantito d&#039;Italia","publisher":{"@id":"https:\/\/www.rcefoto.com\/#organization"},"potentialAction":[{"@type":"SearchAction","target":{"@type":"EntryPoint","urlTemplate":"https:\/\/www.rcefoto.com\/?s={search_term_string}"},"query-input":{"@type":"PropertyValueSpecification","valueRequired":true,"valueName":"search_term_string"}}],"inLanguage":"fr-FR"},{"@type":"Organization","@id":"https:\/\/www.rcefoto.com\/#organization","name":"RCE Foto","url":"https:\/\/www.rcefoto.com\/","logo":{"@type":"ImageObject","inLanguage":"fr-FR","@id":"https:\/\/www.rcefoto.com\/#\/schema\/logo\/image\/","url":"https:\/\/www.rcefoto.com\/wp-content\/uploads\/2025\/10\/logo-rce-2x.png","contentUrl":"https:\/\/www.rcefoto.com\/wp-content\/uploads\/2025\/10\/logo-rce-2x.png","width":200,"height":200,"caption":"RCE Foto"},"image":{"@id":"https:\/\/www.rcefoto.com\/#\/schema\/logo\/image\/"},"sameAs":["https:\/\/www.facebook.com\/rcefoto\/","https:\/\/www.instagram.com\/rce_foto\/","https:\/\/www.youtube.com\/@RceFoto-Official\/featured"]}]}},"_links":{"self":[{"href":"https:\/\/www.rcefoto.com\/fr\/wp-json\/wp\/v2\/pages\/2429","targetHints":{"allow":["GET"]}}],"collection":[{"href":"https:\/\/www.rcefoto.com\/fr\/wp-json\/wp\/v2\/pages"}],"about":[{"href":"https:\/\/www.rcefoto.com\/fr\/wp-json\/wp\/v2\/types\/page"}],"replies":[{"embeddable":true,"href":"https:\/\/www.rcefoto.com\/fr\/wp-json\/wp\/v2\/comments?post=2429"}],"version-history":[{"count":0,"href":"https:\/\/www.rcefoto.com\/fr\/wp-json\/wp\/v2\/pages\/2429\/revisions"}],"wp:attachment":[{"href":"https:\/\/www.rcefoto.com\/fr\/wp-json\/wp\/v2\/media?parent=2429"}],"curies":[{"name":"wp","href":"https:\/\/api.w.org\/{rel}","templated":true}]}}