{"id":3942299,"date":"2024-12-20T16:20:00","date_gmt":"2024-12-20T15:20:00","guid":{"rendered":"https:\/\/www.rcefoto.com\/rce-partner\/"},"modified":"2025-06-20T10:15:58","modified_gmt":"2025-06-20T08:15:58","slug":"rce-partner","status":"publish","type":"page","link":"https:\/\/www.rcefoto.com\/es\/rce-partner\/","title":{"rendered":"Partners"},"content":{"rendered":"<p>Los socios de RCE son tiendas afiliadas donde puedes <span style=\"color: #ff0000;\"><strong>vender tu equipo fotogr\u00e1fico usado<\/strong><\/span> por un <strong><span style=\"color: #ff0000;\">pago inmediato<\/span><\/strong>, o cambiarlo por material disponible directamente en la tienda o en el cat\u00e1logo de usados de RCE. Nuestros socios est\u00e1n cuidadosamente seleccionados entre profesionales de la fotograf\u00eda, y est\u00e1n a tu disposici\u00f3n para asesorarte en la compra y venta.<\/p>\n<p><strong>Busca el socio m\u00e1s cercano a ti<\/strong><\/p>\n","protected":false},"excerpt":{"rendered":"<p>Los socios de RCE son tiendas afiliadas donde puedes vender tu equipo fotogr\u00e1fico usado por un pago inmediato, o cambiarlo por material disponible directamente en la tienda o en el cat\u00e1logo de usados de RCE. Nuestros socios est\u00e1n cuidadosamente seleccionados entre profesionales de la fotograf\u00eda, y est\u00e1n a tu disposici\u00f3n para asesorarte en la compra [&hellip;]<\/p>\n","protected":false},"author":2,"featured_media":3946896,"parent":0,"menu_order":0,"comment_status":"closed","ping_status":"closed","template":"templates\/tpl-archive-partners.php","meta":{"_acf_changed":false,"footnotes":""},"class_list":["post-3942299","page","type-page","status-publish","has-post-thumbnail","hentry"],"acf":[],"yoast_head":"<!-- This site is optimized with the Yoast SEO Premium plugin v26.1 (Yoast SEO v26.2) - https:\/\/yoast.com\/wordpress\/plugins\/seo\/ -->\n<title>Partners - RCE Foto<\/title>\n<meta name=\"robots\" content=\"index, follow, max-snippet:-1, max-image-preview:large, max-video-preview:-1\" \/>\n<link rel=\"canonical\" href=\"https:\/\/www.rcefoto.com\/es\/rce-partner\/\" \/>\n<meta property=\"og:locale\" content=\"es_ES\" \/>\n<meta property=\"og:type\" content=\"article\" \/>\n<meta property=\"og:title\" content=\"Partners\" \/>\n<meta property=\"og:description\" content=\"Los socios de RCE son tiendas afiliadas donde puedes vender tu equipo fotogr\u00e1fico usado por un pago inmediato, o cambiarlo por material disponible directamente en la tienda o en el cat\u00e1logo de usados de RCE. Nuestros socios est\u00e1n cuidadosamente seleccionados entre profesionales de la fotograf\u00eda, y est\u00e1n a tu disposici\u00f3n para asesorarte en la compra [&hellip;]\" \/>\n<meta property=\"og:url\" content=\"https:\/\/www.rcefoto.com\/es\/rce-partner\/\" \/>\n<meta property=\"og:site_name\" content=\"RCE Foto\" \/>\n<meta property=\"article:publisher\" content=\"https:\/\/www.facebook.com\/rcefoto\/\" \/>\n<meta property=\"article:modified_time\" content=\"2025-06-20T08:15:58+00:00\" \/>\n<meta property=\"og:image\" content=\"https:\/\/www.rcefoto.com\/wp-content\/uploads\/2025\/10\/rce-partner.jpg\" \/>\n\t<meta property=\"og:image:width\" content=\"2000\" \/>\n\t<meta property=\"og:image:height\" content=\"1125\" \/>\n\t<meta property=\"og:image:type\" content=\"image\/jpeg\" \/>\n<meta name=\"twitter:card\" content=\"summary_large_image\" \/>\n<meta name=\"twitter:label1\" content=\"Tiempo de lectura\" \/>\n\t<meta name=\"twitter:data1\" content=\"1 minuto\" \/>\n<script type=\"application\/ld+json\" class=\"yoast-schema-graph\">{\"@context\":\"https:\/\/schema.org\",\"@graph\":[{\"@type\":\"WebPage\",\"@id\":\"https:\/\/www.rcefoto.com\/es\/rce-partner\/\",\"url\":\"https:\/\/www.rcefoto.com\/es\/rce-partner\/\",\"name\":\"Partners - RCE Foto\",\"isPartOf\":{\"@id\":\"https:\/\/www.rcefoto.com\/#website\"},\"primaryImageOfPage\":{\"@id\":\"https:\/\/www.rcefoto.com\/es\/rce-partner\/#primaryimage\"},\"image\":{\"@id\":\"https:\/\/www.rcefoto.com\/es\/rce-partner\/#primaryimage\"},\"thumbnailUrl\":\"https:\/\/www.rcefoto.com\/wp-content\/uploads\/2025\/10\/rce-partner.jpg\",\"datePublished\":\"2024-12-20T15:20:00+00:00\",\"dateModified\":\"2025-06-20T08:15:58+00:00\",\"breadcrumb\":{\"@id\":\"https:\/\/www.rcefoto.com\/es\/rce-partner\/#breadcrumb\"},\"inLanguage\":\"es\",\"potentialAction\":[{\"@type\":\"ReadAction\",\"target\":[\"https:\/\/www.rcefoto.com\/es\/rce-partner\/\"]}]},{\"@type\":\"ImageObject\",\"inLanguage\":\"es\",\"@id\":\"https:\/\/www.rcefoto.com\/es\/rce-partner\/#primaryimage\",\"url\":\"https:\/\/www.rcefoto.com\/wp-content\/uploads\/2025\/10\/rce-partner.jpg\",\"contentUrl\":\"https:\/\/www.rcefoto.com\/wp-content\/uploads\/2025\/10\/rce-partner.jpg\",\"width\":2000,\"height\":1125},{\"@type\":\"BreadcrumbList\",\"@id\":\"https:\/\/www.rcefoto.com\/es\/rce-partner\/#breadcrumb\",\"itemListElement\":[{\"@type\":\"ListItem\",\"position\":1,\"name\":\"--home--\",\"item\":\"https:\/\/www.rcefoto.com\/es\/\"},{\"@type\":\"ListItem\",\"position\":2,\"name\":\"Partners\"}]},{\"@type\":\"WebSite\",\"@id\":\"https:\/\/www.rcefoto.com\/#website\",\"url\":\"https:\/\/www.rcefoto.com\/\",\"name\":\"RCE Foto\",\"description\":\"Il pi\u00f9 grande mercato di usato fotografico garantito d&#039;Italia\",\"publisher\":{\"@id\":\"https:\/\/www.rcefoto.com\/#organization\"},\"potentialAction\":[{\"@type\":\"SearchAction\",\"target\":{\"@type\":\"EntryPoint\",\"urlTemplate\":\"https:\/\/www.rcefoto.com\/?s={search_term_string}\"},\"query-input\":{\"@type\":\"PropertyValueSpecification\",\"valueRequired\":true,\"valueName\":\"search_term_string\"}}],\"inLanguage\":\"es\"},{\"@type\":\"Organization\",\"@id\":\"https:\/\/www.rcefoto.com\/#organization\",\"name\":\"RCE Foto\",\"url\":\"https:\/\/www.rcefoto.com\/\",\"logo\":{\"@type\":\"ImageObject\",\"inLanguage\":\"es\",\"@id\":\"https:\/\/www.rcefoto.com\/#\/schema\/logo\/image\/\",\"url\":\"https:\/\/www.rcefoto.com\/wp-content\/uploads\/2025\/10\/logo-rce-2x.png\",\"contentUrl\":\"https:\/\/www.rcefoto.com\/wp-content\/uploads\/2025\/10\/logo-rce-2x.png\",\"width\":200,\"height\":200,\"caption\":\"RCE Foto\"},\"image\":{\"@id\":\"https:\/\/www.rcefoto.com\/#\/schema\/logo\/image\/\"},\"sameAs\":[\"https:\/\/www.facebook.com\/rcefoto\/\",\"https:\/\/www.instagram.com\/rce_foto\/\",\"https:\/\/www.youtube.com\/@RceFoto-Official\/featured\"]}]}<\/script>\n<!-- \/ Yoast SEO Premium plugin. -->","yoast_head_json":{"title":"Partners - RCE Foto","robots":{"index":"index","follow":"follow","max-snippet":"max-snippet:-1","max-image-preview":"max-image-preview:large","max-video-preview":"max-video-preview:-1"},"canonical":"https:\/\/www.rcefoto.com\/es\/rce-partner\/","og_locale":"es_ES","og_type":"article","og_title":"Partners","og_description":"Los socios de RCE son tiendas afiliadas donde puedes vender tu equipo fotogr\u00e1fico usado por un pago inmediato, o cambiarlo por material disponible directamente en la tienda o en el cat\u00e1logo de usados de RCE. Nuestros socios est\u00e1n cuidadosamente seleccionados entre profesionales de la fotograf\u00eda, y est\u00e1n a tu disposici\u00f3n para asesorarte en la compra [&hellip;]","og_url":"https:\/\/www.rcefoto.com\/es\/rce-partner\/","og_site_name":"RCE Foto","article_publisher":"https:\/\/www.facebook.com\/rcefoto\/","article_modified_time":"2025-06-20T08:15:58+00:00","og_image":[{"width":2000,"height":1125,"url":"https:\/\/www.rcefoto.com\/wp-content\/uploads\/2025\/10\/rce-partner.jpg","type":"image\/jpeg"}],"twitter_card":"summary_large_image","twitter_misc":{"Tiempo de lectura":"1 minuto"},"schema":{"@context":"https:\/\/schema.org","@graph":[{"@type":"WebPage","@id":"https:\/\/www.rcefoto.com\/es\/rce-partner\/","url":"https:\/\/www.rcefoto.com\/es\/rce-partner\/","name":"Partners - RCE Foto","isPartOf":{"@id":"https:\/\/www.rcefoto.com\/#website"},"primaryImageOfPage":{"@id":"https:\/\/www.rcefoto.com\/es\/rce-partner\/#primaryimage"},"image":{"@id":"https:\/\/www.rcefoto.com\/es\/rce-partner\/#primaryimage"},"thumbnailUrl":"https:\/\/www.rcefoto.com\/wp-content\/uploads\/2025\/10\/rce-partner.jpg","datePublished":"2024-12-20T15:20:00+00:00","dateModified":"2025-06-20T08:15:58+00:00","breadcrumb":{"@id":"https:\/\/www.rcefoto.com\/es\/rce-partner\/#breadcrumb"},"inLanguage":"es","potentialAction":[{"@type":"ReadAction","target":["https:\/\/www.rcefoto.com\/es\/rce-partner\/"]}]},{"@type":"ImageObject","inLanguage":"es","@id":"https:\/\/www.rcefoto.com\/es\/rce-partner\/#primaryimage","url":"https:\/\/www.rcefoto.com\/wp-content\/uploads\/2025\/10\/rce-partner.jpg","contentUrl":"https:\/\/www.rcefoto.com\/wp-content\/uploads\/2025\/10\/rce-partner.jpg","width":2000,"height":1125},{"@type":"BreadcrumbList","@id":"https:\/\/www.rcefoto.com\/es\/rce-partner\/#breadcrumb","itemListElement":[{"@type":"ListItem","position":1,"name":"--home--","item":"https:\/\/www.rcefoto.com\/es\/"},{"@type":"ListItem","position":2,"name":"Partners"}]},{"@type":"WebSite","@id":"https:\/\/www.rcefoto.com\/#website","url":"https:\/\/www.rcefoto.com\/","name":"RCE Foto","description":"Il pi\u00f9 grande mercato di usato fotografico garantito d&#039;Italia","publisher":{"@id":"https:\/\/www.rcefoto.com\/#organization"},"potentialAction":[{"@type":"SearchAction","target":{"@type":"EntryPoint","urlTemplate":"https:\/\/www.rcefoto.com\/?s={search_term_string}"},"query-input":{"@type":"PropertyValueSpecification","valueRequired":true,"valueName":"search_term_string"}}],"inLanguage":"es"},{"@type":"Organization","@id":"https:\/\/www.rcefoto.com\/#organization","name":"RCE Foto","url":"https:\/\/www.rcefoto.com\/","logo":{"@type":"ImageObject","inLanguage":"es","@id":"https:\/\/www.rcefoto.com\/#\/schema\/logo\/image\/","url":"https:\/\/www.rcefoto.com\/wp-content\/uploads\/2025\/10\/logo-rce-2x.png","contentUrl":"https:\/\/www.rcefoto.com\/wp-content\/uploads\/2025\/10\/logo-rce-2x.png","width":200,"height":200,"caption":"RCE Foto"},"image":{"@id":"https:\/\/www.rcefoto.com\/#\/schema\/logo\/image\/"},"sameAs":["https:\/\/www.facebook.com\/rcefoto\/","https:\/\/www.instagram.com\/rce_foto\/","https:\/\/www.youtube.com\/@RceFoto-Official\/featured"]}]}},"_links":{"self":[{"href":"https:\/\/www.rcefoto.com\/es\/wp-json\/wp\/v2\/pages\/3942299","targetHints":{"allow":["GET"]}}],"collection":[{"href":"https:\/\/www.rcefoto.com\/es\/wp-json\/wp\/v2\/pages"}],"about":[{"href":"https:\/\/www.rcefoto.com\/es\/wp-json\/wp\/v2\/types\/page"}],"author":[{"embeddable":true,"href":"https:\/\/www.rcefoto.com\/es\/wp-json\/wp\/v2\/users\/2"}],"replies":[{"embeddable":true,"href":"https:\/\/www.rcefoto.com\/es\/wp-json\/wp\/v2\/comments?post=3942299"}],"version-history":[{"count":1,"href":"https:\/\/www.rcefoto.com\/es\/wp-json\/wp\/v2\/pages\/3942299\/revisions"}],"predecessor-version":[{"id":3942310,"href":"https:\/\/www.rcefoto.com\/es\/wp-json\/wp\/v2\/pages\/3942299\/revisions\/3942310"}],"wp:featuredmedia":[{"embeddable":true,"href":"https:\/\/www.rcefoto.com\/es\/wp-json\/wp\/v2\/media\/3946896"}],"wp:attachment":[{"href":"https:\/\/www.rcefoto.com\/es\/wp-json\/wp\/v2\/media?parent=3942299"}],"curies":[{"name":"wp","href":"https:\/\/api.w.org\/{rel}","templated":true}]}}