{"id":3942296,"date":"2024-12-20T16:20:00","date_gmt":"2024-12-20T15:20:00","guid":{"rendered":"https:\/\/www.rcefoto.com\/rce-partner\/"},"modified":"2025-06-20T10:14:38","modified_gmt":"2025-06-20T08:14:38","slug":"rce-partner","status":"publish","type":"page","link":"https:\/\/www.rcefoto.com\/de\/rce-partner\/","title":{"rendered":"Partners"},"content":{"rendered":"<p>RCE-Partner sind Vertragsh\u00e4ndler, bei denen du deine <span style=\"color: #ff0000;\"><strong>gebrauchte Fotoausr\u00fcstung verkaufen<\/strong><\/span> kannst und <strong><span style=\"color: #ff0000;\">sofort ausgezahlt<\/span><\/strong> wirst oder sie gegen Artikel im Gesch\u00e4ft oder im RCE-Gebrauchtkatalog eintauschen kannst. Unsere Partner werden sorgf\u00e4ltig aus professionellen Fotografen ausgew\u00e4hlt und stehen dir f\u00fcr Beratung und Verkaufstipps zur Verf\u00fcgung.<\/p>\n<p><strong>Finde den Partner in deiner N\u00e4he<\/strong><\/p>\n","protected":false},"excerpt":{"rendered":"<p>RCE-Partner sind Vertragsh\u00e4ndler, bei denen du deine gebrauchte Fotoausr\u00fcstung verkaufen kannst und sofort ausgezahlt wirst oder sie gegen Artikel im Gesch\u00e4ft oder im RCE-Gebrauchtkatalog eintauschen kannst. Unsere Partner werden sorgf\u00e4ltig aus professionellen Fotografen ausgew\u00e4hlt und stehen dir f\u00fcr Beratung und Verkaufstipps zur Verf\u00fcgung. Finde den Partner in deiner N\u00e4he<\/p>\n","protected":false},"author":2,"featured_media":3946893,"parent":0,"menu_order":0,"comment_status":"closed","ping_status":"closed","template":"templates\/tpl-archive-partners.php","meta":{"_acf_changed":false,"footnotes":""},"class_list":["post-3942296","page","type-page","status-publish","has-post-thumbnail","hentry"],"acf":[],"yoast_head":"<!-- This site is optimized with the Yoast SEO Premium plugin v26.1 (Yoast SEO v26.2) - https:\/\/yoast.com\/wordpress\/plugins\/seo\/ -->\n<title>Partners - RCE Foto<\/title>\n<meta name=\"robots\" content=\"index, follow, max-snippet:-1, max-image-preview:large, max-video-preview:-1\" \/>\n<link rel=\"canonical\" href=\"https:\/\/www.rcefoto.com\/de\/rce-partner\/\" \/>\n<meta property=\"og:locale\" content=\"de_DE\" \/>\n<meta property=\"og:type\" content=\"article\" \/>\n<meta property=\"og:title\" content=\"Partners\" \/>\n<meta property=\"og:description\" content=\"RCE-Partner sind Vertragsh\u00e4ndler, bei denen du deine gebrauchte Fotoausr\u00fcstung verkaufen kannst und sofort ausgezahlt wirst oder sie gegen Artikel im Gesch\u00e4ft oder im RCE-Gebrauchtkatalog eintauschen kannst. Unsere Partner werden sorgf\u00e4ltig aus professionellen Fotografen ausgew\u00e4hlt und stehen dir f\u00fcr Beratung und Verkaufstipps zur Verf\u00fcgung. Finde den Partner in deiner N\u00e4he\" \/>\n<meta property=\"og:url\" content=\"https:\/\/www.rcefoto.com\/de\/rce-partner\/\" \/>\n<meta property=\"og:site_name\" content=\"RCE Foto\" \/>\n<meta property=\"article:publisher\" content=\"https:\/\/www.facebook.com\/rcefoto\/\" \/>\n<meta property=\"article:modified_time\" content=\"2025-06-20T08:14:38+00:00\" \/>\n<meta property=\"og:image\" content=\"https:\/\/www.rcefoto.com\/wp-content\/uploads\/2025\/10\/rce-partner.jpg\" \/>\n\t<meta property=\"og:image:width\" content=\"2000\" \/>\n\t<meta property=\"og:image:height\" content=\"1125\" \/>\n\t<meta property=\"og:image:type\" content=\"image\/jpeg\" \/>\n<meta name=\"twitter:card\" content=\"summary_large_image\" \/>\n<meta name=\"twitter:label1\" content=\"Gesch\u00e4tzte Lesezeit\" \/>\n\t<meta name=\"twitter:data1\" content=\"1\u00a0Minute\" \/>\n<script type=\"application\/ld+json\" class=\"yoast-schema-graph\">{\"@context\":\"https:\/\/schema.org\",\"@graph\":[{\"@type\":\"WebPage\",\"@id\":\"https:\/\/www.rcefoto.com\/de\/rce-partner\/\",\"url\":\"https:\/\/www.rcefoto.com\/de\/rce-partner\/\",\"name\":\"Partners - RCE Foto\",\"isPartOf\":{\"@id\":\"https:\/\/www.rcefoto.com\/#website\"},\"primaryImageOfPage\":{\"@id\":\"https:\/\/www.rcefoto.com\/de\/rce-partner\/#primaryimage\"},\"image\":{\"@id\":\"https:\/\/www.rcefoto.com\/de\/rce-partner\/#primaryimage\"},\"thumbnailUrl\":\"https:\/\/www.rcefoto.com\/wp-content\/uploads\/2025\/10\/rce-partner.jpg\",\"datePublished\":\"2024-12-20T15:20:00+00:00\",\"dateModified\":\"2025-06-20T08:14:38+00:00\",\"breadcrumb\":{\"@id\":\"https:\/\/www.rcefoto.com\/de\/rce-partner\/#breadcrumb\"},\"inLanguage\":\"de\",\"potentialAction\":[{\"@type\":\"ReadAction\",\"target\":[\"https:\/\/www.rcefoto.com\/de\/rce-partner\/\"]}]},{\"@type\":\"ImageObject\",\"inLanguage\":\"de\",\"@id\":\"https:\/\/www.rcefoto.com\/de\/rce-partner\/#primaryimage\",\"url\":\"https:\/\/www.rcefoto.com\/wp-content\/uploads\/2025\/10\/rce-partner.jpg\",\"contentUrl\":\"https:\/\/www.rcefoto.com\/wp-content\/uploads\/2025\/10\/rce-partner.jpg\",\"width\":2000,\"height\":1125},{\"@type\":\"BreadcrumbList\",\"@id\":\"https:\/\/www.rcefoto.com\/de\/rce-partner\/#breadcrumb\",\"itemListElement\":[{\"@type\":\"ListItem\",\"position\":1,\"name\":\"--home--\",\"item\":\"https:\/\/www.rcefoto.com\/de\/\"},{\"@type\":\"ListItem\",\"position\":2,\"name\":\"Partners\"}]},{\"@type\":\"WebSite\",\"@id\":\"https:\/\/www.rcefoto.com\/#website\",\"url\":\"https:\/\/www.rcefoto.com\/\",\"name\":\"RCE Foto\",\"description\":\"Il pi\u00f9 grande mercato di usato fotografico garantito d&#039;Italia\",\"publisher\":{\"@id\":\"https:\/\/www.rcefoto.com\/#organization\"},\"potentialAction\":[{\"@type\":\"SearchAction\",\"target\":{\"@type\":\"EntryPoint\",\"urlTemplate\":\"https:\/\/www.rcefoto.com\/?s={search_term_string}\"},\"query-input\":{\"@type\":\"PropertyValueSpecification\",\"valueRequired\":true,\"valueName\":\"search_term_string\"}}],\"inLanguage\":\"de\"},{\"@type\":\"Organization\",\"@id\":\"https:\/\/www.rcefoto.com\/#organization\",\"name\":\"RCE Foto\",\"url\":\"https:\/\/www.rcefoto.com\/\",\"logo\":{\"@type\":\"ImageObject\",\"inLanguage\":\"de\",\"@id\":\"https:\/\/www.rcefoto.com\/#\/schema\/logo\/image\/\",\"url\":\"https:\/\/www.rcefoto.com\/wp-content\/uploads\/2025\/10\/logo-rce-2x.png\",\"contentUrl\":\"https:\/\/www.rcefoto.com\/wp-content\/uploads\/2025\/10\/logo-rce-2x.png\",\"width\":200,\"height\":200,\"caption\":\"RCE Foto\"},\"image\":{\"@id\":\"https:\/\/www.rcefoto.com\/#\/schema\/logo\/image\/\"},\"sameAs\":[\"https:\/\/www.facebook.com\/rcefoto\/\",\"https:\/\/www.instagram.com\/rce_foto\/\",\"https:\/\/www.youtube.com\/@RceFoto-Official\/featured\"]}]}<\/script>\n<!-- \/ Yoast SEO Premium plugin. -->","yoast_head_json":{"title":"Partners - RCE Foto","robots":{"index":"index","follow":"follow","max-snippet":"max-snippet:-1","max-image-preview":"max-image-preview:large","max-video-preview":"max-video-preview:-1"},"canonical":"https:\/\/www.rcefoto.com\/de\/rce-partner\/","og_locale":"de_DE","og_type":"article","og_title":"Partners","og_description":"RCE-Partner sind Vertragsh\u00e4ndler, bei denen du deine gebrauchte Fotoausr\u00fcstung verkaufen kannst und sofort ausgezahlt wirst oder sie gegen Artikel im Gesch\u00e4ft oder im RCE-Gebrauchtkatalog eintauschen kannst. Unsere Partner werden sorgf\u00e4ltig aus professionellen Fotografen ausgew\u00e4hlt und stehen dir f\u00fcr Beratung und Verkaufstipps zur Verf\u00fcgung. Finde den Partner in deiner N\u00e4he","og_url":"https:\/\/www.rcefoto.com\/de\/rce-partner\/","og_site_name":"RCE Foto","article_publisher":"https:\/\/www.facebook.com\/rcefoto\/","article_modified_time":"2025-06-20T08:14:38+00:00","og_image":[{"width":2000,"height":1125,"url":"https:\/\/www.rcefoto.com\/wp-content\/uploads\/2025\/10\/rce-partner.jpg","type":"image\/jpeg"}],"twitter_card":"summary_large_image","twitter_misc":{"Gesch\u00e4tzte Lesezeit":"1\u00a0Minute"},"schema":{"@context":"https:\/\/schema.org","@graph":[{"@type":"WebPage","@id":"https:\/\/www.rcefoto.com\/de\/rce-partner\/","url":"https:\/\/www.rcefoto.com\/de\/rce-partner\/","name":"Partners - RCE Foto","isPartOf":{"@id":"https:\/\/www.rcefoto.com\/#website"},"primaryImageOfPage":{"@id":"https:\/\/www.rcefoto.com\/de\/rce-partner\/#primaryimage"},"image":{"@id":"https:\/\/www.rcefoto.com\/de\/rce-partner\/#primaryimage"},"thumbnailUrl":"https:\/\/www.rcefoto.com\/wp-content\/uploads\/2025\/10\/rce-partner.jpg","datePublished":"2024-12-20T15:20:00+00:00","dateModified":"2025-06-20T08:14:38+00:00","breadcrumb":{"@id":"https:\/\/www.rcefoto.com\/de\/rce-partner\/#breadcrumb"},"inLanguage":"de","potentialAction":[{"@type":"ReadAction","target":["https:\/\/www.rcefoto.com\/de\/rce-partner\/"]}]},{"@type":"ImageObject","inLanguage":"de","@id":"https:\/\/www.rcefoto.com\/de\/rce-partner\/#primaryimage","url":"https:\/\/www.rcefoto.com\/wp-content\/uploads\/2025\/10\/rce-partner.jpg","contentUrl":"https:\/\/www.rcefoto.com\/wp-content\/uploads\/2025\/10\/rce-partner.jpg","width":2000,"height":1125},{"@type":"BreadcrumbList","@id":"https:\/\/www.rcefoto.com\/de\/rce-partner\/#breadcrumb","itemListElement":[{"@type":"ListItem","position":1,"name":"--home--","item":"https:\/\/www.rcefoto.com\/de\/"},{"@type":"ListItem","position":2,"name":"Partners"}]},{"@type":"WebSite","@id":"https:\/\/www.rcefoto.com\/#website","url":"https:\/\/www.rcefoto.com\/","name":"RCE Foto","description":"Il pi\u00f9 grande mercato di usato fotografico garantito d&#039;Italia","publisher":{"@id":"https:\/\/www.rcefoto.com\/#organization"},"potentialAction":[{"@type":"SearchAction","target":{"@type":"EntryPoint","urlTemplate":"https:\/\/www.rcefoto.com\/?s={search_term_string}"},"query-input":{"@type":"PropertyValueSpecification","valueRequired":true,"valueName":"search_term_string"}}],"inLanguage":"de"},{"@type":"Organization","@id":"https:\/\/www.rcefoto.com\/#organization","name":"RCE Foto","url":"https:\/\/www.rcefoto.com\/","logo":{"@type":"ImageObject","inLanguage":"de","@id":"https:\/\/www.rcefoto.com\/#\/schema\/logo\/image\/","url":"https:\/\/www.rcefoto.com\/wp-content\/uploads\/2025\/10\/logo-rce-2x.png","contentUrl":"https:\/\/www.rcefoto.com\/wp-content\/uploads\/2025\/10\/logo-rce-2x.png","width":200,"height":200,"caption":"RCE Foto"},"image":{"@id":"https:\/\/www.rcefoto.com\/#\/schema\/logo\/image\/"},"sameAs":["https:\/\/www.facebook.com\/rcefoto\/","https:\/\/www.instagram.com\/rce_foto\/","https:\/\/www.youtube.com\/@RceFoto-Official\/featured"]}]}},"_links":{"self":[{"href":"https:\/\/www.rcefoto.com\/de\/wp-json\/wp\/v2\/pages\/3942296","targetHints":{"allow":["GET"]}}],"collection":[{"href":"https:\/\/www.rcefoto.com\/de\/wp-json\/wp\/v2\/pages"}],"about":[{"href":"https:\/\/www.rcefoto.com\/de\/wp-json\/wp\/v2\/types\/page"}],"author":[{"embeddable":true,"href":"https:\/\/www.rcefoto.com\/de\/wp-json\/wp\/v2\/users\/2"}],"replies":[{"embeddable":true,"href":"https:\/\/www.rcefoto.com\/de\/wp-json\/wp\/v2\/comments?post=3942296"}],"version-history":[{"count":1,"href":"https:\/\/www.rcefoto.com\/de\/wp-json\/wp\/v2\/pages\/3942296\/revisions"}],"predecessor-version":[{"id":3942306,"href":"https:\/\/www.rcefoto.com\/de\/wp-json\/wp\/v2\/pages\/3942296\/revisions\/3942306"}],"wp:featuredmedia":[{"embeddable":true,"href":"https:\/\/www.rcefoto.com\/de\/wp-json\/wp\/v2\/media\/3946893"}],"wp:attachment":[{"href":"https:\/\/www.rcefoto.com\/de\/wp-json\/wp\/v2\/media?parent=3942296"}],"curies":[{"name":"wp","href":"https:\/\/api.w.org\/{rel}","templated":true}]}}